{"id":25,"date":"2024-12-14T14:09:26","date_gmt":"2024-12-14T14:09:26","guid":{"rendered":"https:\/\/notevistasquenovas.com\/?page_id=25"},"modified":"2025-08-17T12:20:50","modified_gmt":"2025-08-17T12:20:50","slug":"holis-hdp","status":"publish","type":"page","link":"https:\/\/notevistasquenovas.com\/","title":{"rendered":"Qu\u00e9 fue"},"content":{"rendered":"\n<p>bienvenidos sean al colectivo cultural contrahegem\u00f3nico comunitario.<br><br>tenemos club del libro.\u200b<\/p>\n\n\n\n<p>\u2014\u2014\u2014\u2014\u2014\u2014\u2014\u2014\u2014-<\/p>\n\n\n\n<p>NOTA DE PRENSA<\/p>\n\n\n\n<p><strong>Juan se muere<\/strong><\/p>\n\n\n\n<p><img decoding=\"async\" width=\"150\" height=\"200\" class=\"wp-image-32\" style=\"width: 150px;\" src=\"http:\/\/notevistasquenovas.com\/wp-content\/uploads\/2025\/03\/IMG_6098-scaled.jpeg\" alt=\"\" srcset=\"https:\/\/notevistasquenovas.com\/wp-content\/uploads\/2025\/03\/IMG_6098-scaled.jpeg 1920w, https:\/\/notevistasquenovas.com\/wp-content\/uploads\/2025\/03\/IMG_6098-225x300.jpeg 225w, https:\/\/notevistasquenovas.com\/wp-content\/uploads\/2025\/03\/IMG_6098-768x1024.jpeg 768w, https:\/\/notevistasquenovas.com\/wp-content\/uploads\/2025\/03\/IMG_6098-1152x1536.jpeg 1152w, https:\/\/notevistasquenovas.com\/wp-content\/uploads\/2025\/03\/IMG_6098-1536x2048.jpeg 1536w\" sizes=\"(max-width: 150px) 100vw, 150px\" \/><\/p>\n\n\n\n<p>Tel Aviv, 25 de marzo de 2025 \u2013 Contra toda l\u00f3gica evolutiva y pese a d\u00e9cadas de malas decisiones, el bi\u00f3logo y profesor Juan ha logrado lo imposible: llegar a los 30 a\u00f1os. Un hito sorprendente para alguien que ha dedicado su vida a ense\u00f1ar ciencia mientras olvida d\u00f3nde dej\u00f3 sus propias llaves.<\/p>\n\n\n\n<p>Sus alumnos celebran su paciencia infinita (o su resignaci\u00f3n absoluta), mientras sus colegas a\u00fan debaten si su existencia es una broma de la selecci\u00f3n natural. De cualquier modo, felicitamos a Juan en su inevitable descenso hacia la decrepitud. \u00a1Feliz cumplea\u00f1os, viejo!<\/p>\n\n\n\n<p><\/p>\n\n\n\n<p><\/p>\n","protected":false},"excerpt":{"rendered":"<p>bienvenidos sean al colectivo cultural contrahegem\u00f3nico comunitario. tenemos club del libro.\u200b \u2014\u2014\u2014\u2014\u2014\u2014\u2014\u2014\u2014- NOTA DE PRENSA Juan se muere Tel Aviv, 25 de marzo de 2025 \u2013 Contra toda l\u00f3gica evolutiva y pese a d\u00e9cadas de malas decisiones, el bi\u00f3logo y profesor Juan ha logrado lo imposible: llegar a los 30 a\u00f1os. Un hito sorprendente para [&hellip;]<\/p>\n","protected":false},"author":1,"featured_media":0,"parent":0,"menu_order":0,"comment_status":"closed","ping_status":"closed","template":"","meta":{"footnotes":""},"class_list":["post-25","page","type-page","status-publish","hentry"],"_links":{"self":[{"href":"https:\/\/notevistasquenovas.com\/index.php\/wp-json\/wp\/v2\/pages\/25","targetHints":{"allow":["GET"]}}],"collection":[{"href":"https:\/\/notevistasquenovas.com\/index.php\/wp-json\/wp\/v2\/pages"}],"about":[{"href":"https:\/\/notevistasquenovas.com\/index.php\/wp-json\/wp\/v2\/types\/page"}],"author":[{"embeddable":true,"href":"https:\/\/notevistasquenovas.com\/index.php\/wp-json\/wp\/v2\/users\/1"}],"replies":[{"embeddable":true,"href":"https:\/\/notevistasquenovas.com\/index.php\/wp-json\/wp\/v2\/comments?post=25"}],"version-history":[{"count":6,"href":"https:\/\/notevistasquenovas.com\/index.php\/wp-json\/wp\/v2\/pages\/25\/revisions"}],"predecessor-version":[{"id":39,"href":"https:\/\/notevistasquenovas.com\/index.php\/wp-json\/wp\/v2\/pages\/25\/revisions\/39"}],"wp:attachment":[{"href":"https:\/\/notevistasquenovas.com\/index.php\/wp-json\/wp\/v2\/media?parent=25"}],"curies":[{"name":"wp","href":"https:\/\/api.w.org\/{rel}","templated":true}]}}